{"id":57,"date":"2020-06-23T15:01:57","date_gmt":"2020-06-23T18:01:57","guid":{"rendered":"http:\/\/localhost\/sites\/radioliberdade\/?page_id=57"},"modified":"2021-03-19T16:16:01","modified_gmt":"2021-03-19T19:16:01","slug":"historia-da-radio","status":"publish","type":"page","link":"https:\/\/98fmliberdade.com.br\/site\/historia-da-radio\/","title":{"rendered":"Hist\u00f3ria da R\u00e1dio"},"content":{"rendered":"<p>A R\u00e1dio Liberdade FM 98,7 \u00e9 uma Emissora Comunit\u00e1ria e tem como mantenedora a Associa\u00e7\u00e3o Comunit\u00e1ria Integra\u00e7\u00e3o (ACI).\u00a0 Sua localiza\u00e7\u00e3o\/est\u00fadio est\u00e1 na Avenida Orqu\u00eddea 860A, bairro Bom Jardim, Ipatinga\/MG. O lan\u00e7amento da R\u00e1dio aconteceu no dia 20 de agosto de 2019, na sede da UDCBJ (Uni\u00e3o de Defesa da Comunidade do Bom Jardim).<\/p>\n<p>A Associa\u00e7\u00e3o Comunit\u00e1ria Integra\u00e7\u00e3o, mantenedora da R\u00e1dio Liberdade FM, \u00e9 composta por uma diretoria e conselheiros, que est\u00e3o juntos aos prestadores de servi\u00e7os: locutores \/ apresentadores, produtor e demais colaboradores, que conduzem as atividades da R\u00e1dio, todos volunt\u00e1rios.<\/p>\n<p>A Emissora se preocupa em levar aos seus ouvintes uma programa\u00e7\u00e3o de qualidade, com m\u00fasicas diversificadas, que atendam a v\u00e1rios gostos. Tamb\u00e9m um jornalismo s\u00e9rio, e programa\u00e7\u00e3o religiosa. Por ser uma R\u00e1dio comunit\u00e1ria procura estar sempre aberta a comunidade e as entidades organizadas.<\/p>\n<p>Durante sua programa\u00e7\u00e3o s\u00e3o inseridos spots de campanhas preventivas e educativas, a exemplo da campanha do lixo, de vacina\u00e7\u00f5es, do meio ambiente, tr\u00e2nsito, entre outros.<\/p>\n","protected":false},"excerpt":{"rendered":"<p>A R\u00e1dio Liberdade FM 98,7 \u00e9 uma Emissora Comunit\u00e1ria e tem como mantenedora a Associa\u00e7\u00e3o Comunit\u00e1ria Integra\u00e7\u00e3o (ACI).\u00a0 Sua localiza\u00e7\u00e3o\/est\u00fadio est\u00e1 na Avenida Orqu\u00eddea 860A, bairro Bom Jardim, Ipatinga\/MG. O lan\u00e7amento da R\u00e1dio aconteceu no dia 20 de agosto de 2019, na sede da UDCBJ (Uni\u00e3o de Defesa da Comunidade do Bom Jardim). A Associa\u00e7\u00e3o [&hellip;]<\/p>\n","protected":false},"author":1,"featured_media":0,"parent":0,"menu_order":0,"comment_status":"closed","ping_status":"closed","template":"","meta":{"footnotes":""},"class_list":["post-57","page","type-page","status-publish","hentry"],"yoast_head":"<!-- This site is optimized with the Yoast SEO plugin v21.0 - https:\/\/yoast.com\/wordpress\/plugins\/seo\/ -->\n<title>Hist\u00f3ria da R\u00e1dio - R\u00e1dio Liberdade FM 98,7<\/title>\n<meta name=\"robots\" content=\"index, follow, max-snippet:-1, max-image-preview:large, max-video-preview:-1\" \/>\n<link rel=\"canonical\" href=\"https:\/\/98fmliberdade.com.br\/site\/historia-da-radio\/\" \/>\n<meta property=\"og:locale\" content=\"pt_BR\" \/>\n<meta property=\"og:type\" content=\"article\" \/>\n<meta property=\"og:title\" content=\"Hist\u00f3ria da R\u00e1dio - R\u00e1dio Liberdade FM 98,7\" \/>\n<meta property=\"og:description\" content=\"A R\u00e1dio Liberdade FM 98,7 \u00e9 uma Emissora Comunit\u00e1ria e tem como mantenedora a Associa\u00e7\u00e3o Comunit\u00e1ria Integra\u00e7\u00e3o (ACI).\u00a0 Sua localiza\u00e7\u00e3o\/est\u00fadio est\u00e1 na Avenida Orqu\u00eddea 860A, bairro Bom Jardim, Ipatinga\/MG. O lan\u00e7amento da R\u00e1dio aconteceu no dia 20 de agosto de 2019, na sede da UDCBJ (Uni\u00e3o de Defesa da Comunidade do Bom Jardim). A Associa\u00e7\u00e3o [&hellip;]\" \/>\n<meta property=\"og:url\" content=\"https:\/\/98fmliberdade.com.br\/site\/historia-da-radio\/\" \/>\n<meta property=\"og:site_name\" content=\"R\u00e1dio Liberdade FM 98,7\" \/>\n<meta property=\"article:modified_time\" content=\"2021-03-19T19:16:01+00:00\" \/>\n<meta name=\"twitter:card\" content=\"summary_large_image\" \/>\n<meta name=\"twitter:label1\" content=\"Est. tempo de leitura\" \/>\n\t<meta name=\"twitter:data1\" content=\"1 minuto\" \/>\n<script type=\"application\/ld+json\" class=\"yoast-schema-graph\">{\"@context\":\"https:\/\/schema.org\",\"@graph\":[{\"@type\":\"WebPage\",\"@id\":\"https:\/\/98fmliberdade.com.br\/site\/historia-da-radio\/\",\"url\":\"https:\/\/98fmliberdade.com.br\/site\/historia-da-radio\/\",\"name\":\"Hist\u00f3ria da R\u00e1dio - R\u00e1dio Liberdade FM 98,7\",\"isPartOf\":{\"@id\":\"https:\/\/98fmliberdade.com.br\/site\/#website\"},\"datePublished\":\"2020-06-23T18:01:57+00:00\",\"dateModified\":\"2021-03-19T19:16:01+00:00\",\"breadcrumb\":{\"@id\":\"https:\/\/98fmliberdade.com.br\/site\/historia-da-radio\/#breadcrumb\"},\"inLanguage\":\"pt-BR\",\"potentialAction\":[{\"@type\":\"ReadAction\",\"target\":[\"https:\/\/98fmliberdade.com.br\/site\/historia-da-radio\/\"]}]},{\"@type\":\"BreadcrumbList\",\"@id\":\"https:\/\/98fmliberdade.com.br\/site\/historia-da-radio\/#breadcrumb\",\"itemListElement\":[{\"@type\":\"ListItem\",\"position\":1,\"name\":\"In\u00edcio\",\"item\":\"https:\/\/98fmliberdade.com.br\/site\/\"},{\"@type\":\"ListItem\",\"position\":2,\"name\":\"Hist\u00f3ria da R\u00e1dio\"}]},{\"@type\":\"WebSite\",\"@id\":\"https:\/\/98fmliberdade.com.br\/site\/#website\",\"url\":\"https:\/\/98fmliberdade.com.br\/site\/\",\"name\":\"R\u00e1dio Liberdade FM 98,7\",\"description\":\"Com voc\u00ea em todos os momentos!\",\"potentialAction\":[{\"@type\":\"SearchAction\",\"target\":{\"@type\":\"EntryPoint\",\"urlTemplate\":\"https:\/\/98fmliberdade.com.br\/site\/?s={search_term_string}\"},\"query-input\":\"required name=search_term_string\"}],\"inLanguage\":\"pt-BR\"}]}<\/script>\n<!-- \/ Yoast SEO plugin. -->","yoast_head_json":{"title":"Hist\u00f3ria da R\u00e1dio - R\u00e1dio Liberdade FM 98,7","robots":{"index":"index","follow":"follow","max-snippet":"max-snippet:-1","max-image-preview":"max-image-preview:large","max-video-preview":"max-video-preview:-1"},"canonical":"https:\/\/98fmliberdade.com.br\/site\/historia-da-radio\/","og_locale":"pt_BR","og_type":"article","og_title":"Hist\u00f3ria da R\u00e1dio - R\u00e1dio Liberdade FM 98,7","og_description":"A R\u00e1dio Liberdade FM 98,7 \u00e9 uma Emissora Comunit\u00e1ria e tem como mantenedora a Associa\u00e7\u00e3o Comunit\u00e1ria Integra\u00e7\u00e3o (ACI).\u00a0 Sua localiza\u00e7\u00e3o\/est\u00fadio est\u00e1 na Avenida Orqu\u00eddea 860A, bairro Bom Jardim, Ipatinga\/MG. O lan\u00e7amento da R\u00e1dio aconteceu no dia 20 de agosto de 2019, na sede da UDCBJ (Uni\u00e3o de Defesa da Comunidade do Bom Jardim). A Associa\u00e7\u00e3o [&hellip;]","og_url":"https:\/\/98fmliberdade.com.br\/site\/historia-da-radio\/","og_site_name":"R\u00e1dio Liberdade FM 98,7","article_modified_time":"2021-03-19T19:16:01+00:00","twitter_card":"summary_large_image","twitter_misc":{"Est. tempo de leitura":"1 minuto"},"schema":{"@context":"https:\/\/schema.org","@graph":[{"@type":"WebPage","@id":"https:\/\/98fmliberdade.com.br\/site\/historia-da-radio\/","url":"https:\/\/98fmliberdade.com.br\/site\/historia-da-radio\/","name":"Hist\u00f3ria da R\u00e1dio - R\u00e1dio Liberdade FM 98,7","isPartOf":{"@id":"https:\/\/98fmliberdade.com.br\/site\/#website"},"datePublished":"2020-06-23T18:01:57+00:00","dateModified":"2021-03-19T19:16:01+00:00","breadcrumb":{"@id":"https:\/\/98fmliberdade.com.br\/site\/historia-da-radio\/#breadcrumb"},"inLanguage":"pt-BR","potentialAction":[{"@type":"ReadAction","target":["https:\/\/98fmliberdade.com.br\/site\/historia-da-radio\/"]}]},{"@type":"BreadcrumbList","@id":"https:\/\/98fmliberdade.com.br\/site\/historia-da-radio\/#breadcrumb","itemListElement":[{"@type":"ListItem","position":1,"name":"In\u00edcio","item":"https:\/\/98fmliberdade.com.br\/site\/"},{"@type":"ListItem","position":2,"name":"Hist\u00f3ria da R\u00e1dio"}]},{"@type":"WebSite","@id":"https:\/\/98fmliberdade.com.br\/site\/#website","url":"https:\/\/98fmliberdade.com.br\/site\/","name":"R\u00e1dio Liberdade FM 98,7","description":"Com voc\u00ea em todos os momentos!","potentialAction":[{"@type":"SearchAction","target":{"@type":"EntryPoint","urlTemplate":"https:\/\/98fmliberdade.com.br\/site\/?s={search_term_string}"},"query-input":"required name=search_term_string"}],"inLanguage":"pt-BR"}]}},"_links":{"self":[{"href":"https:\/\/98fmliberdade.com.br\/site\/wp-json\/wp\/v2\/pages\/57","targetHints":{"allow":["GET"]}}],"collection":[{"href":"https:\/\/98fmliberdade.com.br\/site\/wp-json\/wp\/v2\/pages"}],"about":[{"href":"https:\/\/98fmliberdade.com.br\/site\/wp-json\/wp\/v2\/types\/page"}],"author":[{"embeddable":true,"href":"https:\/\/98fmliberdade.com.br\/site\/wp-json\/wp\/v2\/users\/1"}],"replies":[{"embeddable":true,"href":"https:\/\/98fmliberdade.com.br\/site\/wp-json\/wp\/v2\/comments?post=57"}],"version-history":[{"count":3,"href":"https:\/\/98fmliberdade.com.br\/site\/wp-json\/wp\/v2\/pages\/57\/revisions"}],"predecessor-version":[{"id":1137,"href":"https:\/\/98fmliberdade.com.br\/site\/wp-json\/wp\/v2\/pages\/57\/revisions\/1137"}],"wp:attachment":[{"href":"https:\/\/98fmliberdade.com.br\/site\/wp-json\/wp\/v2\/media?parent=57"}],"curies":[{"name":"wp","href":"https:\/\/api.w.org\/{rel}","templated":true}]}}